{"id":750,"date":"2020-09-08T15:44:41","date_gmt":"2020-09-08T15:44:41","guid":{"rendered":"https:\/\/poesicilina.com\/?page_id=750"},"modified":"2021-03-24T20:07:50","modified_gmt":"2021-03-24T19:07:50","slug":"tienda-online","status":"publish","type":"page","link":"https:\/\/poesicilina.com\/?page_id=750","title":{"rendered":"Tienda online"},"content":{"rendered":"[vc_row thb_full_width=\u00bbtrue\u00bb content_placement=\u00bbbottom\u00bb thb_divider_position=\u00bbbottom\u00bb css=\u00bb.vc_custom_1599589013648{background-position: center !important;background-repeat: no-repeat !important;background-size: cover !important;}\u00bb][vc_column el_class=\u00bbtext-center\u00bb][vc_empty_space height=\u00bb90px\u00bb]\t<div id=\"thb-fadetype-17\" class=\"thb-fadetype fade_type_colors thb-fadetype-style2\">\n\t\t\t\t\t\t<h2><div class=\"thb-fadetype-entry\">Todos los <em>productos po\u00e9ticos<\/em> digitales de <span class=\"naranja-text\">Poesicilina<\/span><\/div><\/h2>\t\t<\/div>\n\t[vc_raw_html el_id=\u00bbf\u00bb]JTNDc3R5bGUlM0UlMEEuZmFkZV90eXBlX2NvbG9ycyUyMHNwYW4ubmFyYW5qYS10ZXh0JTIwJTdCJTBBZm9udC13ZWlnaHQlM0ElMjA1MDAlM0IlMEFjb2xvciUzQSUyM2ZmODkzYiUzQiUwQSU3RCUwQS5mYWRlX3R5cGVfY29sb3JzJTIwc3Bhbi5hbWFyaWxsby10ZXh0JTIwJTdCJTBBZm9udC13ZWlnaHQlM0ElMjA1MDAlM0IlMEFjb2xvciUzQSUyM2Q4YzU2OSUzQiUwQSU3RCUwQSUzQyUyRnN0eWxlJTNFJTBB[\/vc_raw_html][vc_empty_space height=\u00bb50px\u00bb][\/vc_column][\/vc_row][vc_row thb_divider_position=\u00bbbottom\u00bb][vc_column width=\u00bb1\/3&#8243; css=\u00bb.vc_custom_1599589958484{padding-right: 50px !important;padding-bottom: 60px !important;padding-left: 50px !important;background-color: #ffe899 !important;}\u00bb]\t<a id=\"thb-iconbox-69d101d0b3a12\" class=\"has-link thb-iconbox top type4    animation-true \" href=\"https:\/\/poesicilina.com\/producto\/felicitacion-agradecimiento-poesicilina\/\" target=\"_self\" data-animation_speed=\"1.5\">\n\t\t\t\t\t\t<div class=\"iconbox-content\">\n\t\t\t\t\t\t\t<h5><em>Felicita o agradece<\/em> con un poema recitado<\/h5>\t\t\t<div class=\"thb-iconbox-text\">\n\t\t\t\t\t\t\t<\/div>\n\t\t<\/div>\n\t\t\t\t<div class=\"thb-iconbox-readmore\"><span><\/span><\/div>\n\t\t\t\t\t\t<style>\n\t\t\t\t\t\t#thb-iconbox-69d101d0b3a12.thb-iconbox {\n\t\t\t\tmin-height: 400px;\n\t\t\t}\n\t\t\t\t\t\t\t\t\t\t\t\t\t\t\t\t\t\t\t\t#thb-iconbox-69d101d0b3a12.thb-iconbox .iconbox-content p,\n\t\t\t#thb-iconbox-69d101d0b3a12.thb-iconbox .iconbox-content span {\n\t\t\t\tcolor: #333333;\n\t\t\t}\n\t\t\t\t\t\t\/* Hover *\/\n\t\t\t\t\t\t\t\t\t\t\t<\/style>\n\t\t\t<\/a>\n\t\t<a class=\"btn    animation fade-in  large\" href=\"https:\/\/poesicilina.com\/producto\/felicitacion-agradecimiento-poesicilina\/\" target=\"_self\" role=\"button\" title=\"ME INTERESA\"><span>ME INTERESA<\/span><\/a>\n\n\t[\/vc_column][vc_column width=\u00bb1\/3&#8243; css=\u00bb.vc_custom_1599589969489{padding-right: 50px !important;padding-bottom: 60px !important;padding-left: 50px !important;background-color: #90bce9 !important;}\u00bb]\t<a id=\"thb-iconbox-69d101d0b3afe\" class=\"has-link thb-iconbox top type4    animation-true \" href=\"https:\/\/poesicilina.com\/producto\/poema-recitado-personalizado\/\" target=\"_self\" data-animation_speed=\"1.5\">\n\t\t\t\t\t\t<div class=\"iconbox-content\">\n\t\t\t\t\t\t\t<h5>Un poema recitado <em>especialmente para ti<\/em><\/h5>\t\t\t<div class=\"thb-iconbox-text\">\n\t\t\t\t\t\t\t<\/div>\n\t\t<\/div>\n\t\t\t\t<div class=\"thb-iconbox-readmore\"><span><\/span><\/div>\n\t\t\t\t\t\t<style>\n\t\t\t\t\t\t#thb-iconbox-69d101d0b3afe.thb-iconbox {\n\t\t\t\tmin-height: 400px;\n\t\t\t}\n\t\t\t\t\t\t\t\t\t\t\t\t\t\t\t\t\t\t\t\t#thb-iconbox-69d101d0b3afe.thb-iconbox .iconbox-content p,\n\t\t\t#thb-iconbox-69d101d0b3afe.thb-iconbox .iconbox-content span {\n\t\t\t\tcolor: #333333;\n\t\t\t}\n\t\t\t\t\t\t\/* Hover *\/\n\t\t\t\t\t\t\t\t\t\t\t<\/style>\n\t\t\t<\/a>\n\t\t<a class=\"btn    animation fade-in  large\" href=\"https:\/\/poesicilina.com\/producto\/poema-recitado-personalizado\/\" target=\"_self\" role=\"button\" title=\"LO QUIERO\"><span>LO QUIERO<\/span><\/a>\n\n\t[\/vc_column][vc_column width=\u00bb1\/3&#8243; css=\u00bb.vc_custom_1599589998647{padding-right: 50px !important;padding-bottom: 60px !important;padding-left: 50px !important;background-color: #ffb987 !important;}\u00bb]\t<a id=\"thb-iconbox-69d101d0b3bd5\" class=\"has-link thb-iconbox top type4    animation-true \" href=\"https:\/\/poesicilina.com\/producto\/recital-personalizado\/\" target=\"_self\" data-animation_speed=\"1.5\">\n\t\t\t\t\t\t<div class=\"iconbox-content\">\n\t\t\t\t\t\t\t<h5><em>Recital personalizado<\/em>, \u00a1elige el tuyo!<\/h5>\t\t\t<div class=\"thb-iconbox-text\">\n\t\t\t\t\t\t\t<\/div>\n\t\t<\/div>\n\t\t\t\t<div class=\"thb-iconbox-readmore\"><span><\/span><\/div>\n\t\t\t\t\t\t<style>\n\t\t\t\t\t\t#thb-iconbox-69d101d0b3bd5.thb-iconbox {\n\t\t\t\tmin-height: 400px;\n\t\t\t}\n\t\t\t\t\t\t\t\t\t\t\t\t\t\t\t#thb-iconbox-69d101d0b3bd5.thb-iconbox.type2:hover {\n\t\t\t\t\tbackground-color: #90bce9;\n\t\t\t\t\tborder-color: #90bce9;\n\t\t\t\t}\n\t\t\t\t#thb-iconbox-69d101d0b3bd5.thb-iconbox.type3:after {\n\t\t\t\t\tbox-shadow: inset 0 -75px 60px -35px #90bce9;\n\t\t\t\t}\n\t\t\t\t\t\t\t\t\t\t\t\t#thb-iconbox-69d101d0b3bd5.thb-iconbox .iconbox-content p,\n\t\t\t#thb-iconbox-69d101d0b3bd5.thb-iconbox .iconbox-content span {\n\t\t\t\tcolor: #333333;\n\t\t\t}\n\t\t\t\t\t\t\/* Hover *\/\n\t\t\t\t\t\t\t\t\t\t\t<\/style>\n\t\t\t<\/a>\n\t\t<a class=\"btn    animation fade-in  large\" href=\"https:\/\/poesicilina.com\/producto\/recital-personalizado\/\" target=\"_self\" role=\"button\" title=\"ME INTERESA\"><span>ME INTERESA<\/span><\/a>\n\n\t[\/vc_column][\/vc_row][vc_row thb_full_width=\u00bbtrue\u00bb thb_divider_position=\u00bbbottom\u00bb][vc_column el_class=\u00bbalign-center\u00bb][vc_empty_space height=\u00bb80px\u00bb]\t<div id=\"thb-image-69d101d0b3ca5\" class=\"caption-style1  aligncenter   thb_image_link wp-caption\">\n\t\t\t<div class=\"thb-image-inner size_100\">\n\t\t\t<img loading=\"lazy\" decoding=\"async\" width=\"6\" height=\"103\" src=\"https:\/\/poesicilina.com\/wp-content\/uploads\/2020\/09\/linea_naranja_small.png\" class=\"thb_image   thb-ignore-lazyload attachment-full thb-lazyload lazyload\" alt=\"\" data-src=\"https:\/\/poesicilina.com\/wp-content\/uploads\/2020\/09\/linea_naranja_small.png\" data-sizes=\"auto\" \/>\n\t\t<\/div>\n\t\t\t\t\t<\/div>\n\t[\/vc_column][\/vc_row][vc_row thb_divider_position=\u00bbbottom\u00bb][vc_column el_class=\u00bbtext-center\u00bb][vc_empty_space mobile_height=\u00bb30px\u00bb height=\u00bb60px\u00bb]\t<div id=\"thb-slidetype-69d101d0b4044\" class=\"thb-slidetype \" data-style=\"style1\">\n\t\t\n<h3><span class=\"thb-slidetype-entry\"><span class=\"lines\">Y ahora la plataforma <em>Poesicilina 4.0<\/em><\/span><\/span><\/h3>\n\t\t\t\t<style>\n\t\t\t#thb-slidetype-69d101d0b4044 .thb-slidetype-entry {\n\t\t\t\tcolor: #0f3da1;\n\t\t\t}\n\t\t<\/style>\n\t\t\t<\/div>\n\n\t\t<div id=\"thb-slidetype-69d101d0b4071\" class=\"thb-slidetype \" data-style=\"style1\">\n\t\t\n<h4><span class=\"thb-slidetype-entry\"><span class=\"lines\">Para que disfrutes de la poes\u00eda de una manera diferente y divertida. <em>Est\u00e9s donde est\u00e9s.<\/em><\/span><\/span><\/h4>\n\t\t\t\t<style>\n\t\t\t#thb-slidetype-69d101d0b4071 .thb-slidetype-entry {\n\t\t\t\tcolor: #333333;\n\t\t\t}\n\t\t<\/style>\n\t\t\t<\/div>\n\n\t[vc_empty_space mobile_height=\u00bb30px\u00bb height=\u00bb40px\u00bb][\/vc_column][\/vc_row][vc_row thb_divider_position=\u00bbbottom\u00bb][vc_column]\t<div id=\"thb-testimonials-95\" class=\"thb-testimonials slick style3  row\" data-columns=\"large-4\" data-pagination=\"true\"\n\t\t\t\t\t\t data-autoplay=\"\" data-autoplay-speed=\"4000\">\n\t\t<div class=\"small-12 large-4 columns\">\t<div class=\"thb-testimonial\">\n\t\t<blockquote><p>Antes de conocer Poesicilina ya era lectora de poes\u00eda, pero lo que realmente me anim\u00f3 a suscribirme al canal de Peio fue su manera tan distinta de sentir y hacer sentir la poes\u00eda, \u00a1me encanta! Lo recomendar\u00eda a todo el mundo porque la manera de recitar de Peio llega al coraz\u00f3n.<\/p>\n<\/blockquote>\n\t\t\t\t\t\t\t\t<div>\n\t\t\t\t<cite>Pilar Mojica<\/cite>\n\t\t\t<span class=\"title\"><\/span>\n\t\t\t<\/div>\n\t\t\t<\/div>\n\t<\/div><div class=\"small-12 large-4 columns\">\t<div class=\"thb-testimonial\">\n\t\t<blockquote><p>Antes de conocer Poesicilina jam\u00e1s hab\u00eda prestado atenci\u00f3n a la poes\u00eda. La curiosidad me llev\u00f3 a suscribirme a su canal y, la verdad, es algo que recomiendo porque resulta muy interesante la manera en la Peio transmite. \u00a1Tiene mucho salero!<\/p>\n<\/blockquote>\n\t\t\t\t\t\t\t\t<div>\n\t\t\t\t<cite>Xanti Lopetegi<\/cite>\n\t\t\t<span class=\"title\"><\/span>\n\t\t\t<\/div>\n\t\t\t<\/div>\n\t<\/div><div class=\"small-12 large-4 columns\">\t<div class=\"thb-testimonial\">\n\t\t<blockquote><p>Me suscrib\u00ed a Poesicilina porque ya era lectora de poes\u00eda. Aun as\u00ed, la teatralidad, profunidad y chispa de Peio ha reforzado mi relaci\u00f3n con la poes\u00eda. Sin duda recomendar\u00eda Poesicilina a todo el mundo ya que ayuda a abrir la mente y el coraz\u00f3n.<\/p>\n<\/blockquote>\n\t\t\t\t\t\t\t\t<div>\n\t\t\t\t<cite>Elena Lagunas<\/cite>\n\t\t\t<span class=\"title\"><\/span>\n\t\t\t<\/div>\n\t\t\t<\/div>\n\t<\/div><div class=\"small-12 large-4 columns\">\t<div class=\"thb-testimonial\">\n\t\t<blockquote><p>Nunca he sido lector de poes\u00eda pero mi amistad con Peio me anim\u00f3 a suscribirme a su canal digital. \u00a1Y no me arrepiento! Vivimos demasiado deprisa y en muchos casos no pensamos las cosas. La poes\u00eda hace reflexionar y ver detalles de la vida que son dif\u00edciles de apreciar. Adem\u00e1s Peio sabe transmitir muy bien y se ve que lo vive.<\/p>\n<\/blockquote>\n\t\t\t\t\t\t\t\t<div>\n\t\t\t\t<cite>Juan Ignacio Armendariz<\/cite>\n\t\t\t<span class=\"title\"><\/span>\n\t\t\t<\/div>\n\t\t\t<\/div>\n\t<\/div>\t<\/div>\n\t[vc_empty_space mobile_height=\u00bb30px\u00bb height=\u00bb40px\u00bb][\/vc_column][\/vc_row][vc_row thb_full_width=\u00bbtrue\u00bb thb_divider_position=\u00bbbottom\u00bb css=\u00bb.vc_custom_1605720632453{background-color: #f9f4d0 !important;}\u00bb][vc_column width=\u00bb1\/3&#8243; el_class=\u00bbtext-center\u00bb][vc_single_image image=\u00bb984&#8243; img_size=\u00bbfull\u00bb css=\u00bb.vc_custom_1605720879301{padding-top: 25px !important;}\u00bb][\/vc_column][vc_column width=\u00bb2\/3&#8243;][vc_empty_space mobile_height=\u00bb50px\u00bb height=\u00bb80px\u00bb]\t<div id=\"thb-slidetype-69d101d0b4219\" class=\"thb-slidetype \" data-style=\"style1\">\n\t\t\n<h3><span class=\"thb-slidetype-entry\"><span class=\"lines\">El tratamiento espiritual ahora en <em>formato virtual<\/em><\/span><\/span><\/h3>\n\t\t\t\t<style>\n\t\t\t#thb-slidetype-69d101d0b4219 .thb-slidetype-entry {\n\t\t\t\tcolor: #0f3da1;\n\t\t\t}\n\t\t<\/style>\n\t\t\t<\/div>\n\n\t[vc_column_text]\n<div class=\"wpb_text_column wpb_content_element \">\n<div class=\"wpb_wrapper\">\n<p>La plataforma Poesicilina 4.0 funciona a trav\u00e9s de <strong>3 planes mensuales diferentes<\/strong>. Al suscribirte a uno de los planes tienes acceso directo a todas las dosis de Poesicilina publicadas hasta la fecha y, adem\u00e1s, cada semana se van a\u00f1adiendo <strong>nuevas dosis<\/strong>.<\/p>\n<p>\u00bfY qu\u00e9 encontrar\u00e1s en cada plan? Ante todo, <strong>\u00a1diversi\u00f3n!<\/strong> y mucha poes\u00eda. Ya sabes, hay poes\u00eda para todo y para todos, y <strong>Peio Etxarri te lo demostrar\u00e1 cada semana.\u00a0<\/strong><\/p>\n<\/div>\n<\/div>\n[\/vc_column_text]\t<a class=\"btn-text  animation fade-in style4\" href=\"https:\/\/poesicilina.com\/suscripcion-poesicilina\/\" target=\"_self\" role=\"button\" title=\"Quiero ver todos los planes\">\n\t\t\t\t\t\t<span>Quiero ver todos los planes<\/span>\n\t\t\t\t\t<div class=\"arrow\"><div><svg xmlns=\"http:\/\/www.w3.org\/2000\/svg\" xmlns:xlink=\"http:\/\/www.w3.org\/1999\/xlink\" x=\"0px\" y=\"0px\"\r\n\t width=\"30px\" height=\"18px\" viewBox=\"0 0 30 18\" enable-background=\"new 0 0 30 18\" xml:space=\"preserve\">\r\n<path class=\"handle\" d=\"M20.305,16.212c-0.407,0.409-0.407,1.071,0,1.479s1.068,0.408,1.476,0l7.914-7.952c0.408-0.409,0.408-1.071,0-1.481\r\n\tl-7.914-7.952c-0.407-0.409-1.068-0.409-1.476,0s-0.407,1.071,0,1.48l7.185,7.221L20.305,16.212z\"\/>\r\n<path class=\"bar\" fill-rule=\"evenodd\" clip-rule=\"evenodd\" d=\"M1,8h28.001c0.551,0,1,0.448,1,1c0,0.553-0.449,1-1,1H1c-0.553,0-1-0.447-1-1\r\n\tC0,8.448,0.447,8,1,8z\"\/>\r\n<\/svg>\r\n<svg xmlns=\"http:\/\/www.w3.org\/2000\/svg\" xmlns:xlink=\"http:\/\/www.w3.org\/1999\/xlink\" x=\"0px\" y=\"0px\"\r\n\t width=\"30px\" height=\"18px\" viewBox=\"0 0 30 18\" enable-background=\"new 0 0 30 18\" xml:space=\"preserve\">\r\n<path class=\"handle\" d=\"M20.305,16.212c-0.407,0.409-0.407,1.071,0,1.479s1.068,0.408,1.476,0l7.914-7.952c0.408-0.409,0.408-1.071,0-1.481\r\n\tl-7.914-7.952c-0.407-0.409-1.068-0.409-1.476,0s-0.407,1.071,0,1.48l7.185,7.221L20.305,16.212z\"\/>\r\n<path class=\"bar\" fill-rule=\"evenodd\" clip-rule=\"evenodd\" d=\"M1,8h28.001c0.551,0,1,0.448,1,1c0,0.553-0.449,1-1,1H1c-0.553,0-1-0.447-1-1\r\n\tC0,8.448,0.447,8,1,8z\"\/>\r\n<\/svg>\r\n<\/div><\/div>\n\t\t\t\t\t<\/a>\n\t[vc_empty_space mobile_height=\u00bb50px\u00bb height=\u00bb80px\u00bb][\/vc_column][\/vc_row]\n","protected":false},"excerpt":{"rendered":"<p>[vc_row thb_full_width=\u00bbtrue\u00bb content_placement=\u00bbbottom\u00bb thb_divider_position=\u00bbbottom\u00bb css=\u00bb.vc_custom_1599589013648{background-position: center !important;background-repeat: no-repeat !important;background-size: cover !important;}\u00bb][vc_column el_class=\u00bbtext-center\u00bb][vc_empty_space height=\u00bb90px\u00bb][vc_raw_html el_id=\u00bbf\u00bb]JTNDc3R5bGUlM0UlMEEuZmFkZV90eXBlX2NvbG9ycyUyMHNwYW4ubmFyYW5qYS10ZXh0JTIwJTdCJTBBZm9udC13ZWlnaHQlM0ElMjA1MDAlM0IlMEFjb2xvciUzQSUyM2ZmODkzYiUzQiUwQSU3RCUwQS5mYWRlX3R5cGVfY29sb3JzJTIwc3Bhbi5hbWFyaWxsby10ZXh0JTIwJTdCJTBBZm9udC13ZWlnaHQlM0ElMjA1MDAlM0IlMEFjb2xvciUzQSUyM2Q4YzU2OSUzQiUwQSU3RCUwQSUzQyUyRnN0eWxlJTNFJTBB[\/vc_raw_html][vc_empty_space height=\u00bb50px\u00bb][\/vc_column][\/vc_row][vc_row thb_divider_position=\u00bbbottom\u00bb][vc_column width=\u00bb1\/3&#8243; css=\u00bb.vc_custom_1599589958484{padding-right: 50px !important;padding-bottom: 60px !important;padding-left: 50px !important;background-color: #ffe899 !important;}\u00bb][\/vc_column][vc_column width=\u00bb1\/3&#8243; css=\u00bb.vc_custom_1599589969489{padding-right: 50px !important;padding-bottom: 60px !important;padding-left: 50px !important;background-color: #90bce9 !important;}\u00bb][\/vc_column][vc_column width=\u00bb1\/3&#8243; css=\u00bb.vc_custom_1599589998647{padding-right: 50px !important;padding-bottom: 60px !important;padding-left: 50px !important;background-color: #ffb987 !important;}\u00bb][\/vc_column][\/vc_row][vc_row thb_full_width=\u00bbtrue\u00bb thb_divider_position=\u00bbbottom\u00bb][vc_column el_class=\u00bbalign-center\u00bb][vc_empty_space height=\u00bb80px\u00bb][\/vc_column][\/vc_row][vc_row thb_divider_position=\u00bbbottom\u00bb][vc_column el_class=\u00bbtext-center\u00bb][vc_empty_space mobile_height=\u00bb30px\u00bb height=\u00bb60px\u00bb][vc_empty_space mobile_height=\u00bb30px\u00bb&hellip;<\/p>\n","protected":false},"author":1,"featured_media":0,"parent":0,"menu_order":0,"comment_status":"closed","ping_status":"closed","template":"","meta":{"footnotes":""},"class_list":["post-750","page","type-page","status-publish","hentry"],"yoast_head":"<!-- This site is optimized with the Yoast SEO plugin v22.0 - https:\/\/yoast.com\/wordpress\/plugins\/seo\/ -->\n<title>Tienda online - Poesicilina<\/title>\n<meta name=\"robots\" content=\"index, follow, max-snippet:-1, max-image-preview:large, max-video-preview:-1\" \/>\n<link rel=\"canonical\" href=\"https:\/\/poesicilina.com\/?page_id=750\" \/>\n<meta property=\"og:locale\" content=\"es_ES\" \/>\n<meta property=\"og:type\" content=\"article\" \/>\n<meta property=\"og:title\" content=\"Tienda online - Poesicilina\" \/>\n<meta property=\"og:description\" content=\"[vc_row thb_full_width=\u00bbtrue\u00bb content_placement=\u00bbbottom\u00bb thb_divider_position=\u00bbbottom\u00bb css=\u00bb.vc_custom_1599589013648{background-position: center !important;background-repeat: no-repeat !important;background-size: cover !important;}\u00bb][vc_column el_class=\u00bbtext-center\u00bb][vc_empty_space height=\u00bb90px\u00bb][vc_raw_html el_id=\u00bbf\u00bb]JTNDc3R5bGUlM0UlMEEuZmFkZV90eXBlX2NvbG9ycyUyMHNwYW4ubmFyYW5qYS10ZXh0JTIwJTdCJTBBZm9udC13ZWlnaHQlM0ElMjA1MDAlM0IlMEFjb2xvciUzQSUyM2ZmODkzYiUzQiUwQSU3RCUwQS5mYWRlX3R5cGVfY29sb3JzJTIwc3Bhbi5hbWFyaWxsby10ZXh0JTIwJTdCJTBBZm9udC13ZWlnaHQlM0ElMjA1MDAlM0IlMEFjb2xvciUzQSUyM2Q4YzU2OSUzQiUwQSU3RCUwQSUzQyUyRnN0eWxlJTNFJTBB[\/vc_raw_html][vc_empty_space height=\u00bb50px\u00bb][\/vc_column][\/vc_row][vc_row thb_divider_position=\u00bbbottom\u00bb][vc_column width=\u00bb1\/3&#8243; css=\u00bb.vc_custom_1599589958484{padding-right: 50px !important;padding-bottom: 60px !important;padding-left: 50px !important;background-color: #ffe899 !important;}\u00bb][\/vc_column][vc_column width=\u00bb1\/3&#8243; css=\u00bb.vc_custom_1599589969489{padding-right: 50px !important;padding-bottom: 60px !important;padding-left: 50px !important;background-color: #90bce9 !important;}\u00bb][\/vc_column][vc_column width=\u00bb1\/3&#8243; css=\u00bb.vc_custom_1599589998647{padding-right: 50px !important;padding-bottom: 60px !important;padding-left: 50px !important;background-color: #ffb987 !important;}\u00bb][\/vc_column][\/vc_row][vc_row thb_full_width=\u00bbtrue\u00bb thb_divider_position=\u00bbbottom\u00bb][vc_column el_class=\u00bbalign-center\u00bb][vc_empty_space height=\u00bb80px\u00bb][\/vc_column][\/vc_row][vc_row thb_divider_position=\u00bbbottom\u00bb][vc_column el_class=\u00bbtext-center\u00bb][vc_empty_space mobile_height=\u00bb30px\u00bb height=\u00bb60px\u00bb][vc_empty_space mobile_height=\u00bb30px\u00bb&hellip;\" \/>\n<meta property=\"og:url\" content=\"https:\/\/poesicilina.com\/?page_id=750\" \/>\n<meta property=\"og:site_name\" content=\"Poesicilina\" \/>\n<meta property=\"article:modified_time\" content=\"2021-03-24T19:07:50+00:00\" \/>\n<meta name=\"twitter:card\" content=\"summary_large_image\" \/>\n<meta name=\"twitter:label1\" content=\"Tiempo de lectura\" \/>\n\t<meta name=\"twitter:data1\" content=\"2 minutos\" \/>\n<script type=\"application\/ld+json\" class=\"yoast-schema-graph\">{\"@context\":\"https:\/\/schema.org\",\"@graph\":[{\"@type\":\"WebPage\",\"@id\":\"https:\/\/poesicilina.com\/?page_id=750\",\"url\":\"https:\/\/poesicilina.com\/?page_id=750\",\"name\":\"Tienda online - Poesicilina\",\"isPartOf\":{\"@id\":\"https:\/\/poesicilina.com\/#website\"},\"datePublished\":\"2020-09-08T15:44:41+00:00\",\"dateModified\":\"2021-03-24T19:07:50+00:00\",\"breadcrumb\":{\"@id\":\"https:\/\/poesicilina.com\/?page_id=750#breadcrumb\"},\"inLanguage\":\"es\",\"potentialAction\":[{\"@type\":\"ReadAction\",\"target\":[\"https:\/\/poesicilina.com\/?page_id=750\"]}]},{\"@type\":\"BreadcrumbList\",\"@id\":\"https:\/\/poesicilina.com\/?page_id=750#breadcrumb\",\"itemListElement\":[{\"@type\":\"ListItem\",\"position\":1,\"name\":\"Portada\",\"item\":\"https:\/\/poesicilina.com\/\"},{\"@type\":\"ListItem\",\"position\":2,\"name\":\"Tienda online\"}]},{\"@type\":\"WebSite\",\"@id\":\"https:\/\/poesicilina.com\/#website\",\"url\":\"https:\/\/poesicilina.com\/\",\"name\":\"Poesicilina\",\"description\":\"\",\"potentialAction\":[{\"@type\":\"SearchAction\",\"target\":{\"@type\":\"EntryPoint\",\"urlTemplate\":\"https:\/\/poesicilina.com\/?s={search_term_string}\"},\"query-input\":\"required name=search_term_string\"}],\"inLanguage\":\"es\"}]}<\/script>\n<!-- \/ Yoast SEO plugin. -->","yoast_head_json":{"title":"Tienda online - Poesicilina","robots":{"index":"index","follow":"follow","max-snippet":"max-snippet:-1","max-image-preview":"max-image-preview:large","max-video-preview":"max-video-preview:-1"},"canonical":"https:\/\/poesicilina.com\/?page_id=750","og_locale":"es_ES","og_type":"article","og_title":"Tienda online - Poesicilina","og_description":"[vc_row thb_full_width=\u00bbtrue\u00bb content_placement=\u00bbbottom\u00bb thb_divider_position=\u00bbbottom\u00bb css=\u00bb.vc_custom_1599589013648{background-position: center !important;background-repeat: no-repeat !important;background-size: cover !important;}\u00bb][vc_column el_class=\u00bbtext-center\u00bb][vc_empty_space height=\u00bb90px\u00bb][vc_raw_html el_id=\u00bbf\u00bb]JTNDc3R5bGUlM0UlMEEuZmFkZV90eXBlX2NvbG9ycyUyMHNwYW4ubmFyYW5qYS10ZXh0JTIwJTdCJTBBZm9udC13ZWlnaHQlM0ElMjA1MDAlM0IlMEFjb2xvciUzQSUyM2ZmODkzYiUzQiUwQSU3RCUwQS5mYWRlX3R5cGVfY29sb3JzJTIwc3Bhbi5hbWFyaWxsby10ZXh0JTIwJTdCJTBBZm9udC13ZWlnaHQlM0ElMjA1MDAlM0IlMEFjb2xvciUzQSUyM2Q4YzU2OSUzQiUwQSU3RCUwQSUzQyUyRnN0eWxlJTNFJTBB[\/vc_raw_html][vc_empty_space height=\u00bb50px\u00bb][\/vc_column][\/vc_row][vc_row thb_divider_position=\u00bbbottom\u00bb][vc_column width=\u00bb1\/3&#8243; css=\u00bb.vc_custom_1599589958484{padding-right: 50px !important;padding-bottom: 60px !important;padding-left: 50px !important;background-color: #ffe899 !important;}\u00bb][\/vc_column][vc_column width=\u00bb1\/3&#8243; css=\u00bb.vc_custom_1599589969489{padding-right: 50px !important;padding-bottom: 60px !important;padding-left: 50px !important;background-color: #90bce9 !important;}\u00bb][\/vc_column][vc_column width=\u00bb1\/3&#8243; css=\u00bb.vc_custom_1599589998647{padding-right: 50px !important;padding-bottom: 60px !important;padding-left: 50px !important;background-color: #ffb987 !important;}\u00bb][\/vc_column][\/vc_row][vc_row thb_full_width=\u00bbtrue\u00bb thb_divider_position=\u00bbbottom\u00bb][vc_column el_class=\u00bbalign-center\u00bb][vc_empty_space height=\u00bb80px\u00bb][\/vc_column][\/vc_row][vc_row thb_divider_position=\u00bbbottom\u00bb][vc_column el_class=\u00bbtext-center\u00bb][vc_empty_space mobile_height=\u00bb30px\u00bb height=\u00bb60px\u00bb][vc_empty_space mobile_height=\u00bb30px\u00bb&hellip;","og_url":"https:\/\/poesicilina.com\/?page_id=750","og_site_name":"Poesicilina","article_modified_time":"2021-03-24T19:07:50+00:00","twitter_card":"summary_large_image","twitter_misc":{"Tiempo de lectura":"2 minutos"},"schema":{"@context":"https:\/\/schema.org","@graph":[{"@type":"WebPage","@id":"https:\/\/poesicilina.com\/?page_id=750","url":"https:\/\/poesicilina.com\/?page_id=750","name":"Tienda online - Poesicilina","isPartOf":{"@id":"https:\/\/poesicilina.com\/#website"},"datePublished":"2020-09-08T15:44:41+00:00","dateModified":"2021-03-24T19:07:50+00:00","breadcrumb":{"@id":"https:\/\/poesicilina.com\/?page_id=750#breadcrumb"},"inLanguage":"es","potentialAction":[{"@type":"ReadAction","target":["https:\/\/poesicilina.com\/?page_id=750"]}]},{"@type":"BreadcrumbList","@id":"https:\/\/poesicilina.com\/?page_id=750#breadcrumb","itemListElement":[{"@type":"ListItem","position":1,"name":"Portada","item":"https:\/\/poesicilina.com\/"},{"@type":"ListItem","position":2,"name":"Tienda online"}]},{"@type":"WebSite","@id":"https:\/\/poesicilina.com\/#website","url":"https:\/\/poesicilina.com\/","name":"Poesicilina","description":"","potentialAction":[{"@type":"SearchAction","target":{"@type":"EntryPoint","urlTemplate":"https:\/\/poesicilina.com\/?s={search_term_string}"},"query-input":"required name=search_term_string"}],"inLanguage":"es"}]}},"_links":{"self":[{"href":"https:\/\/poesicilina.com\/index.php?rest_route=\/wp\/v2\/pages\/750","targetHints":{"allow":["GET"]}}],"collection":[{"href":"https:\/\/poesicilina.com\/index.php?rest_route=\/wp\/v2\/pages"}],"about":[{"href":"https:\/\/poesicilina.com\/index.php?rest_route=\/wp\/v2\/types\/page"}],"author":[{"embeddable":true,"href":"https:\/\/poesicilina.com\/index.php?rest_route=\/wp\/v2\/users\/1"}],"replies":[{"embeddable":true,"href":"https:\/\/poesicilina.com\/index.php?rest_route=%2Fwp%2Fv2%2Fcomments&post=750"}],"version-history":[{"count":63,"href":"https:\/\/poesicilina.com\/index.php?rest_route=\/wp\/v2\/pages\/750\/revisions"}],"predecessor-version":[{"id":1371,"href":"https:\/\/poesicilina.com\/index.php?rest_route=\/wp\/v2\/pages\/750\/revisions\/1371"}],"wp:attachment":[{"href":"https:\/\/poesicilina.com\/index.php?rest_route=%2Fwp%2Fv2%2Fmedia&parent=750"}],"curies":[{"name":"wp","href":"https:\/\/api.w.org\/{rel}","templated":true}]}}